{"id":398,"date":"2010-06-11T12:37:30","date_gmt":"2010-06-11T11:37:30","guid":{"rendered":"http:\/\/www.fachzeitungen.de\/fachbeitraege\/?page_id=398"},"modified":"2020-12-18T10:40:18","modified_gmt":"2020-12-18T09:40:18","slug":"berichte-schreiben","status":"publish","type":"page","link":"https:\/\/www.fachzeitungen.de\/fachbeitraege\/berichte-schreiben\/","title":{"rendered":"Fachbeitr\u00e4ge schreiben"},"content":{"rendered":"<p>&nbsp;<\/p> <p>Um f\u00fcr unsere Besucher ein qualitativ hochwertiges Presseportal bereitzustellen, bestehen wir auf eine Mindestanzahl von ca. 300 Worten. Nat\u00fcrlich ist auch ein Link auf weitere Informationen w\u00fcnschenswert, dieser sollte aber nicht auf landing pages oder Vorschaltseiten weisen.<\/p> <p>&nbsp;<\/p> <p>Forschungsberichte \u2013 Wissensbeitr\u00e4ge &#8211; Autorenpublikationen<br \/> F\u00fcgen Sie hier Ihre Fachbeitr\u00e4ge ein, w\u00e4hlen Sie die entsprechende Kategorie aus und teilen Sie einer interessierten Leserschaft Ihre neuen Erkenntnisse mit.<\/p> <p><span style=\"color: #dfe9f1;\">.<\/span><\/p> <p><span style=\"color: #dfe9f1;\">.<\/span><\/p> <hr \/> <p>Bitte beachten Sie:<\/p> <h3>Wir schalten nur Meldungen mit Impressum frei.<\/h3> <p>&nbsp;<\/p> <p>Um f\u00fcr unsere Besucher ein qualitativ hochwertiges Presseportal bereitzustellen, bestehen wir auf einer Mindestanzahl von ca. 300 Worten. Nat\u00fcrlich ist auch ein Link auf weitere Informationen w\u00fcnschenswert, dieser sollte aber nicht auf landing pages oder Vorschaltseiten weisen.<\/p> <div id=\"cf7_2_post_11d11edda8\" class=\"cf7_2_post cf7_form_267040\">\n<div class=\"wpcf7 no-js\" id=\"wpcf7-f267040-o1\" lang=\"de-DE\" dir=\"ltr\" data-wpcf7-id=\"267040\">\n<div class=\"screen-reader-response\"><p role=\"status\" aria-live=\"polite\" aria-atomic=\"true\"><\/p> <ul><\/ul><\/div>\n<form action=\"\/fachbeitraege\/wp-json\/wp\/v2\/pages\/398#wpcf7-f267040-o1\" method=\"post\" class=\"wpcf7-form init\" aria-label=\"Kontaktformular\" enctype=\"multipart\/form-data\" novalidate=\"novalidate\" data-status=\"init\">\n<fieldset class=\"hidden-fields-container\"><input type=\"hidden\" name=\"_wpcf7\" value=\"267040\" \/><input type=\"hidden\" name=\"_wpcf7_version\" value=\"6.1.5\" \/><input type=\"hidden\" name=\"_wpcf7_locale\" value=\"de_DE\" \/><input type=\"hidden\" name=\"_wpcf7_unit_tag\" value=\"wpcf7-f267040-o1\" \/><input type=\"hidden\" name=\"_wpcf7_container_post\" value=\"0\" \/><input type=\"hidden\" name=\"_wpcf7_posted_data_hash\" value=\"\" \/><input type=\"hidden\" name=\"_map_author\" value=\"1\" \/><input type=\"hidden\" name=\"_c2p_nonce\" value=\"909366fda4\" \/><input type=\"hidden\" name=\"_wpnonce\" value=\"8d3865fdf1\" \/>\n<\/fieldset>\n<p><label> Titel des Fachbeitrags:*<\/label><br \/>\n<span class=\"wpcf7-form-control-wrap\" data-name=\"Titel\"><input size=\"40\" maxlength=\"400\" class=\"wpcf7-form-control wpcf7-text wpcf7-validates-as-required form-control\" aria-required=\"true\" aria-invalid=\"false\" value=\"\" type=\"text\" name=\"Titel\" \/><\/span>\n<\/p>\n<p><label> Text mit Impressum \/ Minimum 300 W\u00f6rter:* <\/label><br \/>\n<span class=\"wpcf7-form-control-wrap\" data-name=\"Text\"><textarea cols=\"40\" rows=\"10\" maxlength=\"100000\" class=\"wpcf7-form-control wpcf7-textarea wpcf7-validates-as-required form-control\" aria-required=\"true\" aria-invalid=\"false\" name=\"Text\"><\/textarea><\/span>\n<\/p>\n<p><label> Bitte laden Sie ein Bild\/eine Grafik hoch!*<\/label><br \/>\n<span class=\"wpcf7-form-control-wrap\" data-name=\"Beitragsbild\"><input size=\"40\" class=\"wpcf7-form-control wpcf7-file wpcf7-validates-as-required\" accept=\"audio\/*,video\/*,image\/*\" aria-required=\"true\" aria-invalid=\"false\" type=\"file\" name=\"Beitragsbild\" \/><\/span>\n<\/p>\n<p><label> F\u00fcgen Sie hier Ihren kostenfreien Link f\u00fcr Ihre Meldung ein!*<\/label><br \/>\nBitte beachten Sie unsere Bemerkung zu den <a target=\"_blank\" rel=\"nofollow\" href=\"http:\/\/www.fachzeitungen.de\/seite\/p\/werbung\"  > Buchungsm\u00f6glichkeiten:<\/a><br \/>\n<span class=\"wpcf7-form-control-wrap\" data-name=\"Link\"><input size=\"40\" maxlength=\"400\" class=\"wpcf7-form-control wpcf7-url wpcf7-validates-as-required wpcf7-text wpcf7-validates-as-url form-control\" aria-required=\"true\" aria-invalid=\"false\" value=\"\" type=\"url\" name=\"Link\" \/><\/span>\n<\/p>\n<p><strong>E-Mail f\u00fcr Werbeanfragen<\/strong><br \/>\nWerben Sie mit Ihrem Beitrag, gerne bieten wir Ihnen verschiedene Werbeoptionen an. <a href=\"mailto:boz@fachzeitungen.de\">Senden Sie uns eine E-Mail<\/a>\n<\/p>\n<p><span class=\"wpcf7-form-control-wrap\" data-name=\"zustimmung\"><span class=\"wpcf7-form-control wpcf7-acceptance\"><span class=\"wpcf7-list-item\"><label><input type=\"checkbox\" name=\"zustimmung\" value=\"1\" aria-invalid=\"false\" \/><span class=\"wpcf7-list-item-label\">Ich habe die <a target=\"_blank\" rel=\"nofollow\" href=\"https:\/\/www.fachzeitungen.de\/datenschutz\/\"  >Datenschutzerkl\u00e4rung<\/a> zur Kenntnis genommen und akzeptiert.\n Ich stimme zu, dass meine Formularangaben zur Kontaktaufnahme bzw. zur Bearbeitung meines Anliegens gespeichert werden.<\/span><\/label><\/span><\/span><\/span>\n<\/p>\n<p><span id=\"wpcf7-69d769cba6a57-wrapper\" class=\"wpcf7-form-control-wrap honeypot-835-wrap\" ><label for=\"wpcf7-69d769cba6a57-field\" class=\"hp-message\">Bitte lasse dieses Feld leer.<\/label><input id=\"wpcf7-69d769cba6a57-field\"  class=\"wpcf7-form-control wpcf7-text\" type=\"text\" name=\"honeypot-835\" value=\"\" size=\"40\" tabindex=\"-1\" autocomplete=\"off\" \/><\/span>\n<\/p>\n<p>* Pflichtfeld\n<\/p>\n<p><input class=\"wpcf7-form-control wpcf7-submit has-spinner\" type=\"submit\" value=\"Einf\u00fcgen\" \/>\n<\/p><div class=\"wpcf7-response-output\" aria-hidden=\"true\"><\/div>\n<\/form>\n<\/div>\n\n<\/div> <p>Die auf diesem Portal eingef\u00fcgten Texte sind f\u00fcr fachzeitungen.de zu Werbezwecken frei nutzbar.<\/p> <hr \/> <p>&nbsp;<\/p> <p>&nbsp;<\/p> <p>Presseportale mit Fachausrichtungen:<\/p> <p>&#8211; <a title=\"Presseberichte sowie die neuesten Informationen aus dem Bereich Einkaufen im Internet\" href=\"http:\/\/www.onlineshops-finden.de\/nachrichten-online-shop\/\" target=\"_self\" rel=\"noopener noreferrer\">Onlin Shops Produktinformationen<\/a><br \/> &#8211; <a target=\"_blank\" rel=\"nofollow\" href=\"http:\/\/www.gartenwerk.net\/news-marktinformationen\/\" title=\"News, Marktinformationen und Presseberichte rund um Garten und Lifestil im Garten \" target=\"_blank\" rel=\"noopener noreferrer\">Haus u. Garten-Naturstein-Feinkost-Heizen<\/a><\/p> <ul> <li> <p class=\"ld-post-title\"><a target=\"_blank\" rel=\"nofollow\" href=\"http:\/\/www.onlineshops-finden.de\/shop-kostenlos-eintragen\" title=\"Online Shop kostenfrei bekannt machen!\" target=\"_blank\" rel=\"noopener noreferrer\">Online Shop kostenfrei bekannt machen<\/a><\/p> <\/li> <\/ul> <p>Weitere kostenfreie Presseportale<\/p>","protected":false},"excerpt":{"rendered":"<p>&nbsp; Um f\u00fcr unsere Besucher ein qualitativ hochwertiges Presseportal bereitzustellen, bestehen wir auf eine Mindestanzahl von ca. 300 Worten. Nat\u00fcrlich ist auch ein Link auf weitere Informationen w\u00fcnschenswert, dieser sollte aber nicht auf landing pages oder Vorschaltseiten weisen. &nbsp; Forschungsberichte \u2013 Wissensbeitr\u00e4ge &#8211; Autorenpublikationen F\u00fcgen Sie hier Ihre Fachbeitr\u00e4ge ein, w\u00e4hlen Sie die entsprechende Kategorie<\/p>\n","protected":false},"author":1,"featured_media":0,"parent":0,"menu_order":0,"comment_status":"closed","ping_status":"closed","template":"","meta":{"footnotes":""},"class_list":["post-398","page","type-page","status-publish","hentry"],"amp_enabled":true,"_links":{"self":[{"href":"https:\/\/www.fachzeitungen.de\/fachbeitraege\/wp-json\/wp\/v2\/pages\/398","targetHints":{"allow":["GET"]}}],"collection":[{"href":"https:\/\/www.fachzeitungen.de\/fachbeitraege\/wp-json\/wp\/v2\/pages"}],"about":[{"href":"https:\/\/www.fachzeitungen.de\/fachbeitraege\/wp-json\/wp\/v2\/types\/page"}],"author":[{"embeddable":true,"href":"https:\/\/www.fachzeitungen.de\/fachbeitraege\/wp-json\/wp\/v2\/users\/1"}],"replies":[{"embeddable":true,"href":"https:\/\/www.fachzeitungen.de\/fachbeitraege\/wp-json\/wp\/v2\/comments?post=398"}],"version-history":[{"count":11,"href":"https:\/\/www.fachzeitungen.de\/fachbeitraege\/wp-json\/wp\/v2\/pages\/398\/revisions"}],"predecessor-version":[{"id":267057,"href":"https:\/\/www.fachzeitungen.de\/fachbeitraege\/wp-json\/wp\/v2\/pages\/398\/revisions\/267057"}],"wp:attachment":[{"href":"https:\/\/www.fachzeitungen.de\/fachbeitraege\/wp-json\/wp\/v2\/media?parent=398"}],"curies":[{"name":"wp","href":"https:\/\/api.w.org\/{rel}","templated":true}]}}