{"id":1181,"date":"2014-05-22T12:58:10","date_gmt":"2014-05-22T11:58:10","guid":{"rendered":"http:\/\/www.fachzeitungen.de\/pressemeldungen\/eingabe\/"},"modified":"2020-12-15T16:18:37","modified_gmt":"2020-12-15T15:18:37","slug":"eingabe","status":"publish","type":"page","link":"https:\/\/www.fachzeitungen.de\/pressemeldungen\/eingabe\/","title":{"rendered":"Presseportale|Pressemeldungen eintragen|News| Medien|Verlage"},"content":{"rendered":"<p>Nachrichten * Pressemeldungen * Firmennachrichten<\/p> <h2><span style=\"color: #000000;\"><span style=\"color: #dfe9f1;\">.<\/span><br \/> <\/span><\/h2> <p><span style=\"color: #dfe9f1;\">.<\/span><\/p> <p>Sie haben hier die M\u00f6glichkeit, <strong>Meldungen Ihres Medienunternehmens<\/strong> ohne Anmeldung einzustellen.<br \/> Ihre Pressemeldung durchl\u00e4uft unser gut sichtbares Presseportal und erscheint zus\u00e4tzlich auf unserer ansprechenden <a title=\"eBooks, H\u00f6rb\u00fccher, Fachb\u00fccher und DVDs auf fachzeitungen.de\" href=\"https:\/\/www.fachzeitungen.de\/seite\/p\/zeitschrift\">\u00dcbersicht \u00fcber Fachb\u00fccher, eBooks und H\u00f6rb\u00fccher<\/a>.<br \/> Die Ver\u00f6ffentlichung des Eintrags wird mit 7,00 \u20ac inkl MWST berechnet. Sie k\u00f6nnen auch gerne einen Link zu Ihrer Seite im Impressum einf\u00fcgen! Bitte beachten Sie, dass durch ein Bild Ihre Meldung deutlich attraktiver wird. F\u00fcr weitere werbliche Aktivit\u00e4ten auf unserem Presseportal, lesen Sie bitte <a href=\"https:\/\/www.fachzeitungen.de\/seite\/p\/werbung\">hier.<\/a><\/p> <p>Werben Sie mit Ihrer Pressemeldung, gerne bieten wir Ihnen verschiedene Werbeoptionen an. Bei Interesse senden Sie uns eine Mailanfrage an<\/p> <p><a href=\"mailto:info@fachzeitungen.de\">media@fachzeitungen.de<\/a><\/p> <p><span style=\"color: #dfe9f1;\">.<\/span><\/p> <p><span style=\"color: #dfe9f1;\">.<\/span><\/p> <p>Werkt\u00e4glich schalten wir Ihre Meldungen frei!<\/p> <p>Bitte beachten Sie:<\/p> <h4>Wir schalten nur Meldungen mit Relevanz zu unseren Fachbereichen\u00a0 oder Verlagsnachrichten sowie nur mit Impressum frei.<br \/> Die Meldungen sollten mindestens 300 W\u00f6rter umfassen und einen Mehrwert bieten.<\/h4> <p><span style=\"color: #dfe9f1;\">.<\/span><\/p> <p><span style=\"color: #dfe9f1;\">.<\/span><\/p> <p><span style=\"color: #dfe9f1;\">.<\/span><\/p> <hr \/> <p>&nbsp;<\/p> <p>Um f\u00fcr unsere Besucher ein qualitativ hochwertiges Presseportal bereitzustellen, bestehen wir auf eine Mindestanzahl von ca. 300 W\u00f6rtern.<\/p> <p>Nat\u00fcrlich ist auch ein Link auf weitere Informationen w\u00fcnschenswert, dieser sollte aber nicht auf landing pages oder Vorschaltseiten weisen.<\/p> <p><span style=\"color: #dfe9f1;\">.<\/span><br \/> <span style=\"color: #dfe9f1;\">.<\/span><\/p> <div id=\"cf7_2_post_ce83d83f8b\" class=\"cf7_2_post cf7_form_272653\">\n<div class=\"wpcf7 no-js\" id=\"wpcf7-f272653-o1\" lang=\"de-DE\" dir=\"ltr\" data-wpcf7-id=\"272653\">\n<div class=\"screen-reader-response\"><p role=\"status\" aria-live=\"polite\" aria-atomic=\"true\"><\/p> <ul><\/ul><\/div>\n<form action=\"\/pressemeldungen\/wp-json\/wp\/v2\/pages\/1181#wpcf7-f272653-o1\" method=\"post\" class=\"wpcf7-form init\" aria-label=\"Kontaktformular\" enctype=\"multipart\/form-data\" novalidate=\"novalidate\" data-status=\"init\">\n<fieldset class=\"hidden-fields-container\"><input type=\"hidden\" name=\"_wpcf7\" value=\"272653\" \/><input type=\"hidden\" name=\"_wpcf7_version\" value=\"6.1.5\" \/><input type=\"hidden\" name=\"_wpcf7_locale\" value=\"de_DE\" \/><input type=\"hidden\" name=\"_wpcf7_unit_tag\" value=\"wpcf7-f272653-o1\" \/><input type=\"hidden\" name=\"_wpcf7_container_post\" value=\"0\" \/><input type=\"hidden\" name=\"_wpcf7_posted_data_hash\" value=\"\" \/><input type=\"hidden\" name=\"_map_author\" value=\"1\" \/><input type=\"hidden\" name=\"_c2p_nonce\" value=\"b487e9b049\" \/><input type=\"hidden\" name=\"_wpnonce\" value=\"3204b55d76\" \/>\n<\/fieldset>\n<p><label> Titel der Pressemitteilung:*<\/label><br \/>\n<span class=\"wpcf7-form-control-wrap\" data-name=\"titel\"><input size=\"40\" maxlength=\"400\" class=\"wpcf7-form-control wpcf7-text wpcf7-validates-as-required form-control\" aria-required=\"true\" aria-invalid=\"false\" value=\"\" type=\"text\" name=\"titel\" \/><\/span>\n<\/p>\n<p><label> Text mit Impressum \/ Minimum 300 Worte:* <\/label><br \/>\n<span class=\"wpcf7-form-control-wrap\" data-name=\"Text\"><textarea cols=\"40\" rows=\"10\" maxlength=\"100000\" class=\"wpcf7-form-control wpcf7-textarea wpcf7-validates-as-required form-control\" aria-required=\"true\" aria-invalid=\"false\" name=\"Text\"><\/textarea><\/span>\n<\/p>\n<p><label> Sie m\u00fcssen ein Beitragsbild oder eine Grafik hinzuf\u00fcgen!*<\/label><br \/>\n<span class=\"wpcf7-form-control-wrap\" data-name=\"Beitragsbild\"><input size=\"40\" class=\"wpcf7-form-control wpcf7-file wpcf7-validates-as-required\" accept=\"audio\/*,video\/*,image\/*\" aria-required=\"true\" aria-invalid=\"false\" type=\"file\" name=\"Beitragsbild\" \/><\/span>\n<\/p>\n<p><label> F\u00fcgen Sie hier Ihren Link f\u00fcr Ihre Meldung ein!*<\/label><br \/>\nBitte beachten Sie unsere Angebote zu den Werbem\u00f6glichkeiten auf unserem Portal:<br \/>\n<span class=\"wpcf7-form-control-wrap\" data-name=\"Link\"><input size=\"40\" maxlength=\"400\" class=\"wpcf7-form-control wpcf7-url wpcf7-validates-as-required wpcf7-text wpcf7-validates-as-url form-control\" aria-required=\"true\" aria-invalid=\"false\" value=\"\" type=\"url\" name=\"Link\" \/><\/span>\n<\/p>\n<p>Kosten der Pressemeldung<br \/>\nBitte \u00fcberweisen Sie an<br \/>\nturquis GmbH<br \/>\nStadtsparkasse M\u00f6nchengladbach<br \/>\nBIC: MGLSDE33XXX<br \/>\nIBAN DE08 3105 0000 1003 0059 62\n<\/p>\n<p>oder per Paypal an:<br \/>\nverlag@fachzeitungen.de\n<\/p>\n<p>Ihre Meldung wird nach Zahlungseingang freigeschaltet<br \/>\nPreis: 7,00 \u20ac\n<\/p>\n<p><label>Abrechnung \u00fcber Paypal oder \u00dcberweisung*<\/label><br \/>\n<a href=\"http:\/\/www.fachzeitungen.de\/quittung-pressemeldung.pdf\" target=\"_blank\">Hier erhalten Sie Ihre Quittung<\/a><br \/>\nBitte w\u00e4hlen Sie die Zahlungsart aus<br \/>\n<span class=\"wpcf7-form-control-wrap\" data-name=\"Abrechnung\"><span class=\"wpcf7-form-control wpcf7-radio\"><span class=\"wpcf7-list-item first\"><label><input type=\"radio\" name=\"Abrechnung\" value=\"\u00dcberweisung\" checked=\"checked\" \/><span class=\"wpcf7-list-item-label\">\u00dcberweisung<\/span><\/label><\/span><span class=\"wpcf7-list-item last\"><label><input type=\"radio\" name=\"Abrechnung\" value=\"Paypal\" \/><span class=\"wpcf7-list-item-label\">Paypal<\/span><\/label><\/span><\/span><\/span>\n<\/p>\n<p><span class=\"wpcf7-form-control-wrap\" data-name=\"zustimmung\"><span class=\"wpcf7-form-control wpcf7-acceptance\"><span class=\"wpcf7-list-item\"><label><input type=\"checkbox\" name=\"zustimmung\" value=\"1\" aria-invalid=\"false\" \/><span class=\"wpcf7-list-item-label\">Ich habe die <a href=\"https:\/\/www.fachzeitungen.de\/datenschutz\/\">Datenschutzerkl\u00e4rung<\/a> zur Kenntnis genommen und akzeptiert.\n Ich stimme zu, dass meine Formularangaben zur Kontaktaufnahme bzw. zur Bearbeitung meines Anliegens gespeichert werden.<\/span><\/label><\/span><\/span><\/span>\n<\/p>\n<p><span id=\"wpcf7-69d034a3a6a75-wrapper\" class=\"wpcf7-form-control-wrap honeypot-835-wrap\" ><label for=\"wpcf7-69d034a3a6a75-field\" class=\"hp-message\">Bitte lasse dieses Feld leer.<\/label><input id=\"wpcf7-69d034a3a6a75-field\"  class=\"wpcf7-form-control wpcf7-text\" type=\"text\" name=\"honeypot-835\" value=\"\" size=\"40\" tabindex=\"-1\" autocomplete=\"off\" \/><\/span>\n<\/p>\n<p>* Pflichtfeld\n<\/p>\n<p><input class=\"wpcf7-form-control wpcf7-submit has-spinner\" type=\"submit\" value=\"Bestellung ausf\u00fchren\" \/>\n<\/p><div class=\"wpcf7-response-output\" aria-hidden=\"true\"><\/div>\n<\/form>\n<\/div>\n\n<\/div> <p><span style=\"color: #dfe9f1;\">.<\/span><\/p> <p>Die auf diesem Portal eingef\u00fcgten Texte sind f\u00fcr fachzeitungen.de zu Werbezwecken frei nutzbar.<\/p> <p>&nbsp;<\/p> <p>&nbsp;<\/p> <p><span style=\"color: #dfe9f1;\">.<\/span><\/p> <p>&nbsp;<\/p> <p>Presseportale mit Fachausrichtungen:<\/p> <p>&#8211; <a title=\"Presseberichte sowie die neuesten Informationen aus dem Bereich Einkaufen im Internet\" href=\"http:\/\/www.onlineshops-finden.de\/nachrichten-online-shop\/\" target=\"_self\" rel=\"noopener noreferrer\">Online Shops Produktinformationen<\/a><br \/> &#8211; <a title=\"Hier haben Sie die M\u00f6glichkeit, ihre wissenschaftlichen Arbeiten, Forschungsergebnisse, Denkanst\u00f6\u00dfe oder Entwicklungen darzulegen. Dieses Angebot richtet sich sowohl an Akademiker und wissenschaftliche Mitarbeiter als auch an Forschende. Neugierig sind wir auch auf studentische Beitr\u00e4ge von der \u201eBasis\u201c! \" href=\"https:\/\/www.fachzeitungen.de\/fachbeitraege\/\" target=\"_self\" rel=\"noopener noreferrer\">Referate \u2013 Hausarbeiten &#8211; Forschungsergebnisse<\/a><\/p> <p>&nbsp;<\/p> <p><span style=\"color: #dfe9f1;\">.<\/span><\/p> <p>&nbsp;<\/p> <p>&nbsp;<\/p> <p><span style=\"color: #dfe9f1;\">.<\/span><\/p> <p><span style=\"color: #dfe9f1;\">.<\/span><\/p> <p><span style=\"color: #dfe9f1;\">.<\/span><\/p> <p><span style=\"color: #dfe9f1;\">.<\/span><\/p> <p><span style=\"color: #dfe9f1;\">.<\/span><\/p> <p>&nbsp;<\/p>","protected":false},"excerpt":{"rendered":"<p>Nachrichten * Pressemeldungen * Firmennachrichten . . Sie haben hier die M\u00f6glichkeit, Meldungen Ihres Medienunternehmens ohne Anmeldung einzustellen. Ihre Pressemeldung durchl\u00e4uft unser gut sichtbares Presseportal und erscheint zus\u00e4tzlich auf unserer ansprechenden \u00dcbersicht \u00fcber Fachb\u00fccher, eBooks und H\u00f6rb\u00fccher. Die Ver\u00f6ffentlichung des Eintrags wird mit 7,00 \u20ac inkl MWST berechnet. Sie k\u00f6nnen auch gerne einen Link zu<\/p>\n","protected":false},"author":2,"featured_media":0,"parent":0,"menu_order":0,"comment_status":"closed","ping_status":"closed","template":"","meta":{"footnotes":""},"class_list":["post-1181","page","type-page","status-publish","hentry"],"_links":{"self":[{"href":"https:\/\/www.fachzeitungen.de\/pressemeldungen\/wp-json\/wp\/v2\/pages\/1181","targetHints":{"allow":["GET"]}}],"collection":[{"href":"https:\/\/www.fachzeitungen.de\/pressemeldungen\/wp-json\/wp\/v2\/pages"}],"about":[{"href":"https:\/\/www.fachzeitungen.de\/pressemeldungen\/wp-json\/wp\/v2\/types\/page"}],"author":[{"embeddable":true,"href":"https:\/\/www.fachzeitungen.de\/pressemeldungen\/wp-json\/wp\/v2\/users\/2"}],"replies":[{"embeddable":true,"href":"https:\/\/www.fachzeitungen.de\/pressemeldungen\/wp-json\/wp\/v2\/comments?post=1181"}],"version-history":[{"count":18,"href":"https:\/\/www.fachzeitungen.de\/pressemeldungen\/wp-json\/wp\/v2\/pages\/1181\/revisions"}],"predecessor-version":[{"id":199185,"href":"https:\/\/www.fachzeitungen.de\/pressemeldungen\/wp-json\/wp\/v2\/pages\/1181\/revisions\/199185"}],"wp:attachment":[{"href":"https:\/\/www.fachzeitungen.de\/pressemeldungen\/wp-json\/wp\/v2\/media?parent=1181"}],"curies":[{"name":"wp","href":"https:\/\/api.w.org\/{rel}","templated":true}]}}